{"id":23664,"date":"2021-11-16T14:45:24","date_gmt":"2021-11-16T13:45:24","guid":{"rendered":"https:\/\/www.canada.smc2-construction.us\/?page_id=23664"},"modified":"2024-11-28T17:38:55","modified_gmt":"2024-11-28T16:38:55","slug":"salles-dathletisme","status":"publish","type":"page","link":"https:\/\/www.canada.smc2-construction.us\/fr\/sports-jeux\/salles-dathletisme\/","title":{"rendered":"Salles d&rsquo;athl\u00e9tisme"},"content":{"rendered":"","protected":false},"excerpt":{"rendered":"","protected":false},"author":1,"featured_media":0,"parent":22014,"menu_order":0,"comment_status":"closed","ping_status":"closed","template":"template-parts\/pages-enfants.php","meta":{"_acf_changed":false,"footnotes":""},"class_list":["post-23664","page","type-page","status-publish","hentry"],"acf":[],"yoast_head":"<!-- This site is optimized with the Yoast SEO plugin v27.4 - https:\/\/yoast.com\/product\/yoast-seo-wordpress\/ -->\n<title>Construction de salles d&#039;athl\u00e9tisme - SMC2<\/title>\n<meta name=\"description\" content=\"Notre offre globale et cl\u00e9 en main de salles d\u2019athl\u00e9tisme r\u00e9pond aux contraintes techniques de ces sports pour une pratique sportive continue et prot\u00e9g\u00e9e toute l\u2019ann\u00e9e.\" \/>\n<meta name=\"robots\" content=\"index, follow, max-snippet:-1, max-image-preview:large, max-video-preview:-1\" \/>\n<link rel=\"canonical\" href=\"https:\/\/www.canada.smc2-construction.us\/fr\/sports-jeux\/salles-dathletisme\/\" \/>\n<meta property=\"og:locale\" content=\"fr_CA\" \/>\n<meta property=\"og:type\" content=\"article\" \/>\n<meta property=\"og:title\" content=\"Construction de salles d&#039;athl\u00e9tisme - SMC2\" \/>\n<meta property=\"og:description\" content=\"Notre offre globale et cl\u00e9 en main de salles d\u2019athl\u00e9tisme r\u00e9pond aux contraintes techniques de ces sports pour une pratique sportive continue et prot\u00e9g\u00e9e toute l\u2019ann\u00e9e.\" \/>\n<meta property=\"og:url\" content=\"https:\/\/www.canada.smc2-construction.us\/fr\/sports-jeux\/salles-dathletisme\/\" \/>\n<meta property=\"og:site_name\" content=\"SMC2\" \/>\n<meta property=\"article:modified_time\" content=\"2024-11-28T16:38:55+00:00\" \/>\n<meta property=\"og:image\" content=\"https:\/\/www.canada.smc2-construction.us\/wp-content\/uploads\/2023\/03\/Logo-pour-miniature-site-internet.jpg\" \/>\n\t<meta property=\"og:image:width\" content=\"1200\" \/>\n\t<meta property=\"og:image:height\" content=\"675\" \/>\n\t<meta property=\"og:image:type\" content=\"image\/jpeg\" \/>\n<meta name=\"twitter:card\" content=\"summary_large_image\" \/>\n<script type=\"application\/ld+json\" class=\"yoast-schema-graph\">{\"@context\":\"https:\\\/\\\/schema.org\",\"@graph\":[{\"@type\":\"WebPage\",\"@id\":\"https:\\\/\\\/www.canada.smc2-construction.us\\\/fr\\\/sports-jeux\\\/salles-dathletisme\\\/\",\"url\":\"https:\\\/\\\/www.canada.smc2-construction.us\\\/fr\\\/sports-jeux\\\/salles-dathletisme\\\/\",\"name\":\"Construction de salles d'athl\u00e9tisme - SMC2\",\"isPartOf\":{\"@id\":\"https:\\\/\\\/www.canada.smc2-construction.us\\\/fr\\\/#website\"},\"datePublished\":\"2021-11-16T13:45:24+00:00\",\"dateModified\":\"2024-11-28T16:38:55+00:00\",\"description\":\"Notre offre globale et cl\u00e9 en main de salles d\u2019athl\u00e9tisme r\u00e9pond aux contraintes techniques de ces sports pour une pratique sportive continue et prot\u00e9g\u00e9e toute l\u2019ann\u00e9e.\",\"breadcrumb\":{\"@id\":\"https:\\\/\\\/www.canada.smc2-construction.us\\\/fr\\\/sports-jeux\\\/salles-dathletisme\\\/#breadcrumb\"},\"inLanguage\":\"fr-CA\",\"potentialAction\":[{\"@type\":\"ReadAction\",\"target\":[\"https:\\\/\\\/www.canada.smc2-construction.us\\\/fr\\\/sports-jeux\\\/salles-dathletisme\\\/\"]}]},{\"@type\":\"BreadcrumbList\",\"@id\":\"https:\\\/\\\/www.canada.smc2-construction.us\\\/fr\\\/sports-jeux\\\/salles-dathletisme\\\/#breadcrumb\",\"itemListElement\":[{\"@type\":\"ListItem\",\"position\":1,\"name\":\"SMC2\",\"item\":\"https:\\\/\\\/www.canada.smc2-construction.us\\\/fr\\\/\"},{\"@type\":\"ListItem\",\"position\":2,\"name\":\"Sports &#038; Jeux\",\"item\":\"https:\\\/\\\/www.canada.smc2-construction.us\\\/fr\\\/sports-jeux\\\/\"},{\"@type\":\"ListItem\",\"position\":3,\"name\":\"Salles d&#8217;athl\u00e9tisme\"}]},{\"@type\":\"WebSite\",\"@id\":\"https:\\\/\\\/www.canada.smc2-construction.us\\\/fr\\\/#website\",\"url\":\"https:\\\/\\\/www.canada.smc2-construction.us\\\/fr\\\/\",\"name\":\"SMC2\",\"description\":\"The space takes shape\",\"publisher\":{\"@id\":\"https:\\\/\\\/www.canada.smc2-construction.us\\\/fr\\\/#organization\"},\"potentialAction\":[{\"@type\":\"SearchAction\",\"target\":{\"@type\":\"EntryPoint\",\"urlTemplate\":\"https:\\\/\\\/www.canada.smc2-construction.us\\\/fr\\\/?s={search_term_string}\"},\"query-input\":{\"@type\":\"PropertyValueSpecification\",\"valueRequired\":true,\"valueName\":\"search_term_string\"}}],\"inLanguage\":\"fr-CA\"},{\"@type\":\"Organization\",\"@id\":\"https:\\\/\\\/www.canada.smc2-construction.us\\\/fr\\\/#organization\",\"name\":\"SMC2\",\"url\":\"https:\\\/\\\/www.canada.smc2-construction.us\\\/fr\\\/\",\"logo\":{\"@type\":\"ImageObject\",\"inLanguage\":\"fr-CA\",\"@id\":\"https:\\\/\\\/www.canada.smc2-construction.us\\\/fr\\\/#\\\/schema\\\/logo\\\/image\\\/\",\"url\":\"https:\\\/\\\/www.canada.smc2-construction.us\\\/wp-content\\\/uploads\\\/2021\\\/09\\\/SMC2-Logo.svg\",\"contentUrl\":\"https:\\\/\\\/www.canada.smc2-construction.us\\\/wp-content\\\/uploads\\\/2021\\\/09\\\/SMC2-Logo.svg\",\"caption\":\"SMC2\"},\"image\":{\"@id\":\"https:\\\/\\\/www.canada.smc2-construction.us\\\/fr\\\/#\\\/schema\\\/logo\\\/image\\\/\"}}]}<\/script>\n<!-- \/ Yoast SEO plugin. -->","yoast_head_json":{"title":"Construction de salles d'athl\u00e9tisme - SMC2","description":"Notre offre globale et cl\u00e9 en main de salles d\u2019athl\u00e9tisme r\u00e9pond aux contraintes techniques de ces sports pour une pratique sportive continue et prot\u00e9g\u00e9e toute l\u2019ann\u00e9e.","robots":{"index":"index","follow":"follow","max-snippet":"max-snippet:-1","max-image-preview":"max-image-preview:large","max-video-preview":"max-video-preview:-1"},"canonical":"https:\/\/www.canada.smc2-construction.us\/fr\/sports-jeux\/salles-dathletisme\/","og_locale":"fr_CA","og_type":"article","og_title":"Construction de salles d'athl\u00e9tisme - SMC2","og_description":"Notre offre globale et cl\u00e9 en main de salles d\u2019athl\u00e9tisme r\u00e9pond aux contraintes techniques de ces sports pour une pratique sportive continue et prot\u00e9g\u00e9e toute l\u2019ann\u00e9e.","og_url":"https:\/\/www.canada.smc2-construction.us\/fr\/sports-jeux\/salles-dathletisme\/","og_site_name":"SMC2","article_modified_time":"2024-11-28T16:38:55+00:00","og_image":[{"width":1200,"height":675,"url":"https:\/\/www.canada.smc2-construction.us\/wp-content\/uploads\/2023\/03\/Logo-pour-miniature-site-internet.jpg","type":"image\/jpeg"}],"twitter_card":"summary_large_image","schema":{"@context":"https:\/\/schema.org","@graph":[{"@type":"WebPage","@id":"https:\/\/www.canada.smc2-construction.us\/fr\/sports-jeux\/salles-dathletisme\/","url":"https:\/\/www.canada.smc2-construction.us\/fr\/sports-jeux\/salles-dathletisme\/","name":"Construction de salles d'athl\u00e9tisme - SMC2","isPartOf":{"@id":"https:\/\/www.canada.smc2-construction.us\/fr\/#website"},"datePublished":"2021-11-16T13:45:24+00:00","dateModified":"2024-11-28T16:38:55+00:00","description":"Notre offre globale et cl\u00e9 en main de salles d\u2019athl\u00e9tisme r\u00e9pond aux contraintes techniques de ces sports pour une pratique sportive continue et prot\u00e9g\u00e9e toute l\u2019ann\u00e9e.","breadcrumb":{"@id":"https:\/\/www.canada.smc2-construction.us\/fr\/sports-jeux\/salles-dathletisme\/#breadcrumb"},"inLanguage":"fr-CA","potentialAction":[{"@type":"ReadAction","target":["https:\/\/www.canada.smc2-construction.us\/fr\/sports-jeux\/salles-dathletisme\/"]}]},{"@type":"BreadcrumbList","@id":"https:\/\/www.canada.smc2-construction.us\/fr\/sports-jeux\/salles-dathletisme\/#breadcrumb","itemListElement":[{"@type":"ListItem","position":1,"name":"SMC2","item":"https:\/\/www.canada.smc2-construction.us\/fr\/"},{"@type":"ListItem","position":2,"name":"Sports &#038; Jeux","item":"https:\/\/www.canada.smc2-construction.us\/fr\/sports-jeux\/"},{"@type":"ListItem","position":3,"name":"Salles d&#8217;athl\u00e9tisme"}]},{"@type":"WebSite","@id":"https:\/\/www.canada.smc2-construction.us\/fr\/#website","url":"https:\/\/www.canada.smc2-construction.us\/fr\/","name":"SMC2","description":"The space takes shape","publisher":{"@id":"https:\/\/www.canada.smc2-construction.us\/fr\/#organization"},"potentialAction":[{"@type":"SearchAction","target":{"@type":"EntryPoint","urlTemplate":"https:\/\/www.canada.smc2-construction.us\/fr\/?s={search_term_string}"},"query-input":{"@type":"PropertyValueSpecification","valueRequired":true,"valueName":"search_term_string"}}],"inLanguage":"fr-CA"},{"@type":"Organization","@id":"https:\/\/www.canada.smc2-construction.us\/fr\/#organization","name":"SMC2","url":"https:\/\/www.canada.smc2-construction.us\/fr\/","logo":{"@type":"ImageObject","inLanguage":"fr-CA","@id":"https:\/\/www.canada.smc2-construction.us\/fr\/#\/schema\/logo\/image\/","url":"https:\/\/www.canada.smc2-construction.us\/wp-content\/uploads\/2021\/09\/SMC2-Logo.svg","contentUrl":"https:\/\/www.canada.smc2-construction.us\/wp-content\/uploads\/2021\/09\/SMC2-Logo.svg","caption":"SMC2"},"image":{"@id":"https:\/\/www.canada.smc2-construction.us\/fr\/#\/schema\/logo\/image\/"}}]}},"_links":{"self":[{"href":"https:\/\/www.canada.smc2-construction.us\/fr\/wp-json\/wp\/v2\/pages\/23664","targetHints":{"allow":["GET"]}}],"collection":[{"href":"https:\/\/www.canada.smc2-construction.us\/fr\/wp-json\/wp\/v2\/pages"}],"about":[{"href":"https:\/\/www.canada.smc2-construction.us\/fr\/wp-json\/wp\/v2\/types\/page"}],"author":[{"embeddable":true,"href":"https:\/\/www.canada.smc2-construction.us\/fr\/wp-json\/wp\/v2\/users\/1"}],"replies":[{"embeddable":true,"href":"https:\/\/www.canada.smc2-construction.us\/fr\/wp-json\/wp\/v2\/comments?post=23664"}],"version-history":[{"count":10,"href":"https:\/\/www.canada.smc2-construction.us\/fr\/wp-json\/wp\/v2\/pages\/23664\/revisions"}],"predecessor-version":[{"id":46389,"href":"https:\/\/www.canada.smc2-construction.us\/fr\/wp-json\/wp\/v2\/pages\/23664\/revisions\/46389"}],"up":[{"embeddable":true,"href":"https:\/\/www.canada.smc2-construction.us\/fr\/wp-json\/wp\/v2\/pages\/22014"}],"wp:attachment":[{"href":"https:\/\/www.canada.smc2-construction.us\/fr\/wp-json\/wp\/v2\/media?parent=23664"}],"curies":[{"name":"wp","href":"https:\/\/api.w.org\/{rel}","templated":true}]}}