{"id":23906,"date":"2021-11-17T16:07:27","date_gmt":"2021-11-17T15:07:27","guid":{"rendered":"https:\/\/www.canada.smc2-construction.us\/?page_id=23906"},"modified":"2024-11-28T17:37:05","modified_gmt":"2024-11-28T16:37:05","slug":"salles-specialisees-dojos-salles-de-gym","status":"publish","type":"page","link":"https:\/\/www.canada.smc2-construction.us\/fr\/sports-jeux\/complexes-sportifs\/salles-specialisees-dojos-salles-de-gym\/","title":{"rendered":"Salles sp\u00e9cialis\u00e9es \/ Dojos \/ Salles de gym"},"content":{"rendered":"","protected":false},"excerpt":{"rendered":"","protected":false},"author":1,"featured_media":0,"parent":22085,"menu_order":0,"comment_status":"closed","ping_status":"closed","template":"template-parts\/pages-enfants.php","meta":{"_acf_changed":false,"footnotes":""},"class_list":["post-23906","page","type-page","status-publish","hentry"],"acf":[],"yoast_head":"<!-- This site is optimized with the Yoast SEO plugin v27.4 - https:\/\/yoast.com\/product\/yoast-seo-wordpress\/ -->\n<title>Construction dojo \/ espace de gym : Salles sp\u00e9cialis\u00e9es sport couvert | SMC2<\/title>\n<meta name=\"description\" content=\"Pour pratiquer des arts martiaux, des sports de combat, de la danse dans les meilleures conditions, fa\u00eetes appel \u00e0 SMC2 pour la r\u00e9alisation de salles sp\u00e9cialis\u00e9es et\/ou de dojos.\" \/>\n<meta name=\"robots\" content=\"index, follow, max-snippet:-1, max-image-preview:large, max-video-preview:-1\" \/>\n<link rel=\"canonical\" href=\"https:\/\/www.canada.smc2-construction.us\/fr\/sports-jeux\/complexes-sportifs\/salles-specialisees-dojos-salles-de-gym\/\" \/>\n<meta property=\"og:locale\" content=\"fr_CA\" \/>\n<meta property=\"og:type\" content=\"article\" \/>\n<meta property=\"og:title\" content=\"Construction dojo \/ espace de gym : Salles sp\u00e9cialis\u00e9es sport couvert | SMC2\" \/>\n<meta property=\"og:description\" content=\"Pour pratiquer des arts martiaux, des sports de combat, de la danse dans les meilleures conditions, fa\u00eetes appel \u00e0 SMC2 pour la r\u00e9alisation de salles sp\u00e9cialis\u00e9es et\/ou de dojos.\" \/>\n<meta property=\"og:url\" content=\"https:\/\/www.canada.smc2-construction.us\/fr\/sports-jeux\/complexes-sportifs\/salles-specialisees-dojos-salles-de-gym\/\" \/>\n<meta property=\"og:site_name\" content=\"SMC2\" \/>\n<meta property=\"article:modified_time\" content=\"2024-11-28T16:37:05+00:00\" \/>\n<meta property=\"og:image\" content=\"https:\/\/www.canada.smc2-construction.us\/wp-content\/uploads\/2023\/03\/Logo-pour-miniature-site-internet.jpg\" \/>\n\t<meta property=\"og:image:width\" content=\"1200\" \/>\n\t<meta property=\"og:image:height\" content=\"675\" \/>\n\t<meta property=\"og:image:type\" content=\"image\/jpeg\" \/>\n<meta name=\"twitter:card\" content=\"summary_large_image\" \/>\n<script type=\"application\/ld+json\" class=\"yoast-schema-graph\">{\"@context\":\"https:\\\/\\\/schema.org\",\"@graph\":[{\"@type\":\"WebPage\",\"@id\":\"https:\\\/\\\/www.canada.smc2-construction.us\\\/fr\\\/sports-jeux\\\/complexes-sportifs\\\/salles-specialisees-dojos-salles-de-gym\\\/\",\"url\":\"https:\\\/\\\/www.canada.smc2-construction.us\\\/fr\\\/sports-jeux\\\/complexes-sportifs\\\/salles-specialisees-dojos-salles-de-gym\\\/\",\"name\":\"Construction dojo \\\/ espace de gym : Salles sp\u00e9cialis\u00e9es sport couvert | SMC2\",\"isPartOf\":{\"@id\":\"https:\\\/\\\/www.canada.smc2-construction.us\\\/fr\\\/#website\"},\"datePublished\":\"2021-11-17T15:07:27+00:00\",\"dateModified\":\"2024-11-28T16:37:05+00:00\",\"description\":\"Pour pratiquer des arts martiaux, des sports de combat, de la danse dans les meilleures conditions, fa\u00eetes appel \u00e0 SMC2 pour la r\u00e9alisation de salles sp\u00e9cialis\u00e9es et\\\/ou de dojos.\",\"breadcrumb\":{\"@id\":\"https:\\\/\\\/www.canada.smc2-construction.us\\\/fr\\\/sports-jeux\\\/complexes-sportifs\\\/salles-specialisees-dojos-salles-de-gym\\\/#breadcrumb\"},\"inLanguage\":\"fr-CA\",\"potentialAction\":[{\"@type\":\"ReadAction\",\"target\":[\"https:\\\/\\\/www.canada.smc2-construction.us\\\/fr\\\/sports-jeux\\\/complexes-sportifs\\\/salles-specialisees-dojos-salles-de-gym\\\/\"]}]},{\"@type\":\"BreadcrumbList\",\"@id\":\"https:\\\/\\\/www.canada.smc2-construction.us\\\/fr\\\/sports-jeux\\\/complexes-sportifs\\\/salles-specialisees-dojos-salles-de-gym\\\/#breadcrumb\",\"itemListElement\":[{\"@type\":\"ListItem\",\"position\":1,\"name\":\"SMC2\",\"item\":\"https:\\\/\\\/www.canada.smc2-construction.us\\\/fr\\\/\"},{\"@type\":\"ListItem\",\"position\":2,\"name\":\"Sports &#038; Jeux\",\"item\":\"https:\\\/\\\/www.canada.smc2-construction.us\\\/fr\\\/sports-jeux\\\/\"},{\"@type\":\"ListItem\",\"position\":3,\"name\":\"Complexes sportifs\",\"item\":\"https:\\\/\\\/www.canada.smc2-construction.us\\\/fr\\\/sports-jeux\\\/complexes-sportifs\\\/\"},{\"@type\":\"ListItem\",\"position\":4,\"name\":\"Salles sp\u00e9cialis\u00e9es \\\/ Dojos \\\/ Salles de gym\"}]},{\"@type\":\"WebSite\",\"@id\":\"https:\\\/\\\/www.canada.smc2-construction.us\\\/fr\\\/#website\",\"url\":\"https:\\\/\\\/www.canada.smc2-construction.us\\\/fr\\\/\",\"name\":\"SMC2\",\"description\":\"The space takes shape\",\"publisher\":{\"@id\":\"https:\\\/\\\/www.canada.smc2-construction.us\\\/fr\\\/#organization\"},\"potentialAction\":[{\"@type\":\"SearchAction\",\"target\":{\"@type\":\"EntryPoint\",\"urlTemplate\":\"https:\\\/\\\/www.canada.smc2-construction.us\\\/fr\\\/?s={search_term_string}\"},\"query-input\":{\"@type\":\"PropertyValueSpecification\",\"valueRequired\":true,\"valueName\":\"search_term_string\"}}],\"inLanguage\":\"fr-CA\"},{\"@type\":\"Organization\",\"@id\":\"https:\\\/\\\/www.canada.smc2-construction.us\\\/fr\\\/#organization\",\"name\":\"SMC2\",\"url\":\"https:\\\/\\\/www.canada.smc2-construction.us\\\/fr\\\/\",\"logo\":{\"@type\":\"ImageObject\",\"inLanguage\":\"fr-CA\",\"@id\":\"https:\\\/\\\/www.canada.smc2-construction.us\\\/fr\\\/#\\\/schema\\\/logo\\\/image\\\/\",\"url\":\"https:\\\/\\\/www.canada.smc2-construction.us\\\/wp-content\\\/uploads\\\/2021\\\/09\\\/SMC2-Logo.svg\",\"contentUrl\":\"https:\\\/\\\/www.canada.smc2-construction.us\\\/wp-content\\\/uploads\\\/2021\\\/09\\\/SMC2-Logo.svg\",\"caption\":\"SMC2\"},\"image\":{\"@id\":\"https:\\\/\\\/www.canada.smc2-construction.us\\\/fr\\\/#\\\/schema\\\/logo\\\/image\\\/\"}}]}<\/script>\n<!-- \/ Yoast SEO plugin. -->","yoast_head_json":{"title":"Construction dojo \/ espace de gym : Salles sp\u00e9cialis\u00e9es sport couvert | SMC2","description":"Pour pratiquer des arts martiaux, des sports de combat, de la danse dans les meilleures conditions, fa\u00eetes appel \u00e0 SMC2 pour la r\u00e9alisation de salles sp\u00e9cialis\u00e9es et\/ou de dojos.","robots":{"index":"index","follow":"follow","max-snippet":"max-snippet:-1","max-image-preview":"max-image-preview:large","max-video-preview":"max-video-preview:-1"},"canonical":"https:\/\/www.canada.smc2-construction.us\/fr\/sports-jeux\/complexes-sportifs\/salles-specialisees-dojos-salles-de-gym\/","og_locale":"fr_CA","og_type":"article","og_title":"Construction dojo \/ espace de gym : Salles sp\u00e9cialis\u00e9es sport couvert | SMC2","og_description":"Pour pratiquer des arts martiaux, des sports de combat, de la danse dans les meilleures conditions, fa\u00eetes appel \u00e0 SMC2 pour la r\u00e9alisation de salles sp\u00e9cialis\u00e9es et\/ou de dojos.","og_url":"https:\/\/www.canada.smc2-construction.us\/fr\/sports-jeux\/complexes-sportifs\/salles-specialisees-dojos-salles-de-gym\/","og_site_name":"SMC2","article_modified_time":"2024-11-28T16:37:05+00:00","og_image":[{"width":1200,"height":675,"url":"https:\/\/www.canada.smc2-construction.us\/wp-content\/uploads\/2023\/03\/Logo-pour-miniature-site-internet.jpg","type":"image\/jpeg"}],"twitter_card":"summary_large_image","schema":{"@context":"https:\/\/schema.org","@graph":[{"@type":"WebPage","@id":"https:\/\/www.canada.smc2-construction.us\/fr\/sports-jeux\/complexes-sportifs\/salles-specialisees-dojos-salles-de-gym\/","url":"https:\/\/www.canada.smc2-construction.us\/fr\/sports-jeux\/complexes-sportifs\/salles-specialisees-dojos-salles-de-gym\/","name":"Construction dojo \/ espace de gym : Salles sp\u00e9cialis\u00e9es sport couvert | SMC2","isPartOf":{"@id":"https:\/\/www.canada.smc2-construction.us\/fr\/#website"},"datePublished":"2021-11-17T15:07:27+00:00","dateModified":"2024-11-28T16:37:05+00:00","description":"Pour pratiquer des arts martiaux, des sports de combat, de la danse dans les meilleures conditions, fa\u00eetes appel \u00e0 SMC2 pour la r\u00e9alisation de salles sp\u00e9cialis\u00e9es et\/ou de dojos.","breadcrumb":{"@id":"https:\/\/www.canada.smc2-construction.us\/fr\/sports-jeux\/complexes-sportifs\/salles-specialisees-dojos-salles-de-gym\/#breadcrumb"},"inLanguage":"fr-CA","potentialAction":[{"@type":"ReadAction","target":["https:\/\/www.canada.smc2-construction.us\/fr\/sports-jeux\/complexes-sportifs\/salles-specialisees-dojos-salles-de-gym\/"]}]},{"@type":"BreadcrumbList","@id":"https:\/\/www.canada.smc2-construction.us\/fr\/sports-jeux\/complexes-sportifs\/salles-specialisees-dojos-salles-de-gym\/#breadcrumb","itemListElement":[{"@type":"ListItem","position":1,"name":"SMC2","item":"https:\/\/www.canada.smc2-construction.us\/fr\/"},{"@type":"ListItem","position":2,"name":"Sports &#038; Jeux","item":"https:\/\/www.canada.smc2-construction.us\/fr\/sports-jeux\/"},{"@type":"ListItem","position":3,"name":"Complexes sportifs","item":"https:\/\/www.canada.smc2-construction.us\/fr\/sports-jeux\/complexes-sportifs\/"},{"@type":"ListItem","position":4,"name":"Salles sp\u00e9cialis\u00e9es \/ Dojos \/ Salles de gym"}]},{"@type":"WebSite","@id":"https:\/\/www.canada.smc2-construction.us\/fr\/#website","url":"https:\/\/www.canada.smc2-construction.us\/fr\/","name":"SMC2","description":"The space takes shape","publisher":{"@id":"https:\/\/www.canada.smc2-construction.us\/fr\/#organization"},"potentialAction":[{"@type":"SearchAction","target":{"@type":"EntryPoint","urlTemplate":"https:\/\/www.canada.smc2-construction.us\/fr\/?s={search_term_string}"},"query-input":{"@type":"PropertyValueSpecification","valueRequired":true,"valueName":"search_term_string"}}],"inLanguage":"fr-CA"},{"@type":"Organization","@id":"https:\/\/www.canada.smc2-construction.us\/fr\/#organization","name":"SMC2","url":"https:\/\/www.canada.smc2-construction.us\/fr\/","logo":{"@type":"ImageObject","inLanguage":"fr-CA","@id":"https:\/\/www.canada.smc2-construction.us\/fr\/#\/schema\/logo\/image\/","url":"https:\/\/www.canada.smc2-construction.us\/wp-content\/uploads\/2021\/09\/SMC2-Logo.svg","contentUrl":"https:\/\/www.canada.smc2-construction.us\/wp-content\/uploads\/2021\/09\/SMC2-Logo.svg","caption":"SMC2"},"image":{"@id":"https:\/\/www.canada.smc2-construction.us\/fr\/#\/schema\/logo\/image\/"}}]}},"_links":{"self":[{"href":"https:\/\/www.canada.smc2-construction.us\/fr\/wp-json\/wp\/v2\/pages\/23906","targetHints":{"allow":["GET"]}}],"collection":[{"href":"https:\/\/www.canada.smc2-construction.us\/fr\/wp-json\/wp\/v2\/pages"}],"about":[{"href":"https:\/\/www.canada.smc2-construction.us\/fr\/wp-json\/wp\/v2\/types\/page"}],"author":[{"embeddable":true,"href":"https:\/\/www.canada.smc2-construction.us\/fr\/wp-json\/wp\/v2\/users\/1"}],"replies":[{"embeddable":true,"href":"https:\/\/www.canada.smc2-construction.us\/fr\/wp-json\/wp\/v2\/comments?post=23906"}],"version-history":[{"count":10,"href":"https:\/\/www.canada.smc2-construction.us\/fr\/wp-json\/wp\/v2\/pages\/23906\/revisions"}],"predecessor-version":[{"id":51958,"href":"https:\/\/www.canada.smc2-construction.us\/fr\/wp-json\/wp\/v2\/pages\/23906\/revisions\/51958"}],"up":[{"embeddable":true,"href":"https:\/\/www.canada.smc2-construction.us\/fr\/wp-json\/wp\/v2\/pages\/22085"}],"wp:attachment":[{"href":"https:\/\/www.canada.smc2-construction.us\/fr\/wp-json\/wp\/v2\/media?parent=23906"}],"curies":[{"name":"wp","href":"https:\/\/api.w.org\/{rel}","templated":true}]}}