{"id":23933,"date":"2021-11-17T16:50:04","date_gmt":"2021-11-17T15:50:04","guid":{"rendered":"https:\/\/www.canada.smc2-construction.us\/?page_id=23933"},"modified":"2023-05-31T09:40:17","modified_gmt":"2023-05-31T07:40:17","slug":"sports-urbains","status":"publish","type":"page","link":"https:\/\/www.canada.smc2-construction.us\/fr\/sports-jeux\/preaux-sportifs\/sports-urbains\/","title":{"rendered":"Sports urbains"},"content":{"rendered":"","protected":false},"excerpt":{"rendered":"","protected":false},"author":1,"featured_media":0,"parent":22130,"menu_order":0,"comment_status":"closed","ping_status":"closed","template":"template-parts\/pages-enfants.php","meta":{"_acf_changed":false,"footnotes":""},"class_list":["post-23933","page","type-page","status-publish","hentry"],"acf":[],"yoast_head":"<!-- This site is optimized with the Yoast SEO plugin v27.4 - https:\/\/yoast.com\/product\/yoast-seo-wordpress\/ -->\n<title>Sports urbains : Construction et dimensions patinoire hockey &amp; Terrain de basket | SMC2<\/title>\n<meta name=\"description\" content=\"Terrain de basket, skatepark... SMC2 met son savoir-faire \u00e0 la disposition des sports urbains pour la cr\u00e9ation d&#039;infrastructures sportives adapt\u00e9es, couvertes et confortables.\" \/>\n<meta name=\"robots\" content=\"index, follow, max-snippet:-1, max-image-preview:large, max-video-preview:-1\" \/>\n<link rel=\"canonical\" href=\"https:\/\/www.canada.smc2-construction.us\/fr\/sports-jeux\/preaux-sportifs\/sports-urbains\/\" \/>\n<meta property=\"og:locale\" content=\"fr_CA\" \/>\n<meta property=\"og:type\" content=\"article\" \/>\n<meta property=\"og:title\" content=\"Sports urbains : Construction et dimensions patinoire hockey &amp; Terrain de basket | SMC2\" \/>\n<meta property=\"og:description\" content=\"Terrain de basket, skatepark... SMC2 met son savoir-faire \u00e0 la disposition des sports urbains pour la cr\u00e9ation d&#039;infrastructures sportives adapt\u00e9es, couvertes et confortables.\" \/>\n<meta property=\"og:url\" content=\"https:\/\/www.canada.smc2-construction.us\/fr\/sports-jeux\/preaux-sportifs\/sports-urbains\/\" \/>\n<meta property=\"og:site_name\" content=\"SMC2\" \/>\n<meta property=\"article:modified_time\" content=\"2023-05-31T07:40:17+00:00\" \/>\n<meta property=\"og:image\" content=\"https:\/\/www.canada.smc2-construction.us\/wp-content\/uploads\/2023\/03\/Logo-pour-miniature-site-internet.jpg\" \/>\n\t<meta property=\"og:image:width\" content=\"1200\" \/>\n\t<meta property=\"og:image:height\" content=\"675\" \/>\n\t<meta property=\"og:image:type\" content=\"image\/jpeg\" \/>\n<meta name=\"twitter:card\" content=\"summary_large_image\" \/>\n<script type=\"application\/ld+json\" class=\"yoast-schema-graph\">{\"@context\":\"https:\\\/\\\/schema.org\",\"@graph\":[{\"@type\":\"WebPage\",\"@id\":\"https:\\\/\\\/www.canada.smc2-construction.us\\\/fr\\\/sports-jeux\\\/preaux-sportifs\\\/sports-urbains\\\/\",\"url\":\"https:\\\/\\\/www.canada.smc2-construction.us\\\/fr\\\/sports-jeux\\\/preaux-sportifs\\\/sports-urbains\\\/\",\"name\":\"Sports urbains : Construction et dimensions patinoire hockey & Terrain de basket | SMC2\",\"isPartOf\":{\"@id\":\"https:\\\/\\\/www.canada.smc2-construction.us\\\/fr\\\/#website\"},\"datePublished\":\"2021-11-17T15:50:04+00:00\",\"dateModified\":\"2023-05-31T07:40:17+00:00\",\"description\":\"Terrain de basket, skatepark... SMC2 met son savoir-faire \u00e0 la disposition des sports urbains pour la cr\u00e9ation d'infrastructures sportives adapt\u00e9es, couvertes et confortables.\",\"breadcrumb\":{\"@id\":\"https:\\\/\\\/www.canada.smc2-construction.us\\\/fr\\\/sports-jeux\\\/preaux-sportifs\\\/sports-urbains\\\/#breadcrumb\"},\"inLanguage\":\"fr-CA\",\"potentialAction\":[{\"@type\":\"ReadAction\",\"target\":[\"https:\\\/\\\/www.canada.smc2-construction.us\\\/fr\\\/sports-jeux\\\/preaux-sportifs\\\/sports-urbains\\\/\"]}]},{\"@type\":\"BreadcrumbList\",\"@id\":\"https:\\\/\\\/www.canada.smc2-construction.us\\\/fr\\\/sports-jeux\\\/preaux-sportifs\\\/sports-urbains\\\/#breadcrumb\",\"itemListElement\":[{\"@type\":\"ListItem\",\"position\":1,\"name\":\"SMC2\",\"item\":\"https:\\\/\\\/www.canada.smc2-construction.us\\\/fr\\\/\"},{\"@type\":\"ListItem\",\"position\":2,\"name\":\"Sports &#038; Jeux\",\"item\":\"https:\\\/\\\/www.canada.smc2-construction.us\\\/fr\\\/sports-jeux\\\/\"},{\"@type\":\"ListItem\",\"position\":3,\"name\":\"Pr\u00e9aux sportifs\",\"item\":\"https:\\\/\\\/www.canada.smc2-construction.us\\\/fr\\\/sports-jeux\\\/preaux-sportifs\\\/\"},{\"@type\":\"ListItem\",\"position\":4,\"name\":\"Sports urbains\"}]},{\"@type\":\"WebSite\",\"@id\":\"https:\\\/\\\/www.canada.smc2-construction.us\\\/fr\\\/#website\",\"url\":\"https:\\\/\\\/www.canada.smc2-construction.us\\\/fr\\\/\",\"name\":\"SMC2\",\"description\":\"The space takes shape\",\"publisher\":{\"@id\":\"https:\\\/\\\/www.canada.smc2-construction.us\\\/fr\\\/#organization\"},\"potentialAction\":[{\"@type\":\"SearchAction\",\"target\":{\"@type\":\"EntryPoint\",\"urlTemplate\":\"https:\\\/\\\/www.canada.smc2-construction.us\\\/fr\\\/?s={search_term_string}\"},\"query-input\":{\"@type\":\"PropertyValueSpecification\",\"valueRequired\":true,\"valueName\":\"search_term_string\"}}],\"inLanguage\":\"fr-CA\"},{\"@type\":\"Organization\",\"@id\":\"https:\\\/\\\/www.canada.smc2-construction.us\\\/fr\\\/#organization\",\"name\":\"SMC2\",\"url\":\"https:\\\/\\\/www.canada.smc2-construction.us\\\/fr\\\/\",\"logo\":{\"@type\":\"ImageObject\",\"inLanguage\":\"fr-CA\",\"@id\":\"https:\\\/\\\/www.canada.smc2-construction.us\\\/fr\\\/#\\\/schema\\\/logo\\\/image\\\/\",\"url\":\"https:\\\/\\\/www.canada.smc2-construction.us\\\/wp-content\\\/uploads\\\/2021\\\/09\\\/SMC2-Logo.svg\",\"contentUrl\":\"https:\\\/\\\/www.canada.smc2-construction.us\\\/wp-content\\\/uploads\\\/2021\\\/09\\\/SMC2-Logo.svg\",\"caption\":\"SMC2\"},\"image\":{\"@id\":\"https:\\\/\\\/www.canada.smc2-construction.us\\\/fr\\\/#\\\/schema\\\/logo\\\/image\\\/\"}}]}<\/script>\n<!-- \/ Yoast SEO plugin. -->","yoast_head_json":{"title":"Sports urbains : Construction et dimensions patinoire hockey & Terrain de basket | SMC2","description":"Terrain de basket, skatepark... SMC2 met son savoir-faire \u00e0 la disposition des sports urbains pour la cr\u00e9ation d'infrastructures sportives adapt\u00e9es, couvertes et confortables.","robots":{"index":"index","follow":"follow","max-snippet":"max-snippet:-1","max-image-preview":"max-image-preview:large","max-video-preview":"max-video-preview:-1"},"canonical":"https:\/\/www.canada.smc2-construction.us\/fr\/sports-jeux\/preaux-sportifs\/sports-urbains\/","og_locale":"fr_CA","og_type":"article","og_title":"Sports urbains : Construction et dimensions patinoire hockey & Terrain de basket | SMC2","og_description":"Terrain de basket, skatepark... SMC2 met son savoir-faire \u00e0 la disposition des sports urbains pour la cr\u00e9ation d'infrastructures sportives adapt\u00e9es, couvertes et confortables.","og_url":"https:\/\/www.canada.smc2-construction.us\/fr\/sports-jeux\/preaux-sportifs\/sports-urbains\/","og_site_name":"SMC2","article_modified_time":"2023-05-31T07:40:17+00:00","og_image":[{"width":1200,"height":675,"url":"https:\/\/www.canada.smc2-construction.us\/wp-content\/uploads\/2023\/03\/Logo-pour-miniature-site-internet.jpg","type":"image\/jpeg"}],"twitter_card":"summary_large_image","schema":{"@context":"https:\/\/schema.org","@graph":[{"@type":"WebPage","@id":"https:\/\/www.canada.smc2-construction.us\/fr\/sports-jeux\/preaux-sportifs\/sports-urbains\/","url":"https:\/\/www.canada.smc2-construction.us\/fr\/sports-jeux\/preaux-sportifs\/sports-urbains\/","name":"Sports urbains : Construction et dimensions patinoire hockey & Terrain de basket | SMC2","isPartOf":{"@id":"https:\/\/www.canada.smc2-construction.us\/fr\/#website"},"datePublished":"2021-11-17T15:50:04+00:00","dateModified":"2023-05-31T07:40:17+00:00","description":"Terrain de basket, skatepark... SMC2 met son savoir-faire \u00e0 la disposition des sports urbains pour la cr\u00e9ation d'infrastructures sportives adapt\u00e9es, couvertes et confortables.","breadcrumb":{"@id":"https:\/\/www.canada.smc2-construction.us\/fr\/sports-jeux\/preaux-sportifs\/sports-urbains\/#breadcrumb"},"inLanguage":"fr-CA","potentialAction":[{"@type":"ReadAction","target":["https:\/\/www.canada.smc2-construction.us\/fr\/sports-jeux\/preaux-sportifs\/sports-urbains\/"]}]},{"@type":"BreadcrumbList","@id":"https:\/\/www.canada.smc2-construction.us\/fr\/sports-jeux\/preaux-sportifs\/sports-urbains\/#breadcrumb","itemListElement":[{"@type":"ListItem","position":1,"name":"SMC2","item":"https:\/\/www.canada.smc2-construction.us\/fr\/"},{"@type":"ListItem","position":2,"name":"Sports &#038; Jeux","item":"https:\/\/www.canada.smc2-construction.us\/fr\/sports-jeux\/"},{"@type":"ListItem","position":3,"name":"Pr\u00e9aux sportifs","item":"https:\/\/www.canada.smc2-construction.us\/fr\/sports-jeux\/preaux-sportifs\/"},{"@type":"ListItem","position":4,"name":"Sports urbains"}]},{"@type":"WebSite","@id":"https:\/\/www.canada.smc2-construction.us\/fr\/#website","url":"https:\/\/www.canada.smc2-construction.us\/fr\/","name":"SMC2","description":"The space takes shape","publisher":{"@id":"https:\/\/www.canada.smc2-construction.us\/fr\/#organization"},"potentialAction":[{"@type":"SearchAction","target":{"@type":"EntryPoint","urlTemplate":"https:\/\/www.canada.smc2-construction.us\/fr\/?s={search_term_string}"},"query-input":{"@type":"PropertyValueSpecification","valueRequired":true,"valueName":"search_term_string"}}],"inLanguage":"fr-CA"},{"@type":"Organization","@id":"https:\/\/www.canada.smc2-construction.us\/fr\/#organization","name":"SMC2","url":"https:\/\/www.canada.smc2-construction.us\/fr\/","logo":{"@type":"ImageObject","inLanguage":"fr-CA","@id":"https:\/\/www.canada.smc2-construction.us\/fr\/#\/schema\/logo\/image\/","url":"https:\/\/www.canada.smc2-construction.us\/wp-content\/uploads\/2021\/09\/SMC2-Logo.svg","contentUrl":"https:\/\/www.canada.smc2-construction.us\/wp-content\/uploads\/2021\/09\/SMC2-Logo.svg","caption":"SMC2"},"image":{"@id":"https:\/\/www.canada.smc2-construction.us\/fr\/#\/schema\/logo\/image\/"}}]}},"_links":{"self":[{"href":"https:\/\/www.canada.smc2-construction.us\/fr\/wp-json\/wp\/v2\/pages\/23933","targetHints":{"allow":["GET"]}}],"collection":[{"href":"https:\/\/www.canada.smc2-construction.us\/fr\/wp-json\/wp\/v2\/pages"}],"about":[{"href":"https:\/\/www.canada.smc2-construction.us\/fr\/wp-json\/wp\/v2\/types\/page"}],"author":[{"embeddable":true,"href":"https:\/\/www.canada.smc2-construction.us\/fr\/wp-json\/wp\/v2\/users\/1"}],"replies":[{"embeddable":true,"href":"https:\/\/www.canada.smc2-construction.us\/fr\/wp-json\/wp\/v2\/comments?post=23933"}],"version-history":[{"count":10,"href":"https:\/\/www.canada.smc2-construction.us\/fr\/wp-json\/wp\/v2\/pages\/23933\/revisions"}],"predecessor-version":[{"id":51963,"href":"https:\/\/www.canada.smc2-construction.us\/fr\/wp-json\/wp\/v2\/pages\/23933\/revisions\/51963"}],"up":[{"embeddable":true,"href":"https:\/\/www.canada.smc2-construction.us\/fr\/wp-json\/wp\/v2\/pages\/22130"}],"wp:attachment":[{"href":"https:\/\/www.canada.smc2-construction.us\/fr\/wp-json\/wp\/v2\/media?parent=23933"}],"curies":[{"name":"wp","href":"https:\/\/api.w.org\/{rel}","templated":true}]}}