{"id":23980,"date":"2021-11-18T16:30:07","date_gmt":"2021-11-18T15:30:07","guid":{"rendered":"https:\/\/www.canada.smc2-construction.us\/?page_id=23980"},"modified":"2022-11-04T10:30:56","modified_gmt":"2022-11-04T09:30:56","slug":"architecture-parametrique","status":"publish","type":"page","link":"https:\/\/www.canada.smc2-construction.us\/fr\/structures-enveloppes\/architecture-parametrique\/","title":{"rendered":"Architecture param\u00e9trique"},"content":{"rendered":"","protected":false},"excerpt":{"rendered":"","protected":false},"author":1,"featured_media":0,"parent":22095,"menu_order":0,"comment_status":"closed","ping_status":"closed","template":"template-parts\/pages-enfants.php","meta":{"_acf_changed":false,"footnotes":""},"class_list":["post-23980","page","type-page","status-publish","hentry"],"acf":[],"yoast_head":"<!-- This site is optimized with the Yoast SEO plugin v27.4 - https:\/\/yoast.com\/product\/yoast-seo-wordpress\/ -->\n<title>Architecture param\u00e9trique - SMC2<\/title>\n<meta name=\"description\" content=\"Fort de notre expertise en architecture param\u00e9trique, nous concevons des structures sportives et de loisirs dot\u00e9es de formes libres et complexes.\" \/>\n<meta name=\"robots\" content=\"index, follow, max-snippet:-1, max-image-preview:large, max-video-preview:-1\" \/>\n<link rel=\"canonical\" href=\"https:\/\/www.canada.smc2-construction.us\/fr\/structures-enveloppes\/architecture-parametrique\/\" \/>\n<meta property=\"og:locale\" content=\"fr_CA\" \/>\n<meta property=\"og:type\" content=\"article\" \/>\n<meta property=\"og:title\" content=\"Architecture param\u00e9trique - SMC2\" \/>\n<meta property=\"og:description\" content=\"Fort de notre expertise en architecture param\u00e9trique, nous concevons des structures sportives et de loisirs dot\u00e9es de formes libres et complexes.\" \/>\n<meta property=\"og:url\" content=\"https:\/\/www.canada.smc2-construction.us\/fr\/structures-enveloppes\/architecture-parametrique\/\" \/>\n<meta property=\"og:site_name\" content=\"SMC2\" \/>\n<meta property=\"article:modified_time\" content=\"2022-11-04T09:30:56+00:00\" \/>\n<meta property=\"og:image\" content=\"https:\/\/www.canada.smc2-construction.us\/wp-content\/uploads\/2023\/03\/Logo-pour-miniature-site-internet.jpg\" \/>\n\t<meta property=\"og:image:width\" content=\"1200\" \/>\n\t<meta property=\"og:image:height\" content=\"675\" \/>\n\t<meta property=\"og:image:type\" content=\"image\/jpeg\" \/>\n<meta name=\"twitter:card\" content=\"summary_large_image\" \/>\n<script type=\"application\/ld+json\" class=\"yoast-schema-graph\">{\"@context\":\"https:\\\/\\\/schema.org\",\"@graph\":[{\"@type\":\"WebPage\",\"@id\":\"https:\\\/\\\/www.canada.smc2-construction.us\\\/fr\\\/structures-enveloppes\\\/architecture-parametrique\\\/\",\"url\":\"https:\\\/\\\/www.canada.smc2-construction.us\\\/fr\\\/structures-enveloppes\\\/architecture-parametrique\\\/\",\"name\":\"Architecture param\u00e9trique - SMC2\",\"isPartOf\":{\"@id\":\"https:\\\/\\\/www.canada.smc2-construction.us\\\/fr\\\/#website\"},\"datePublished\":\"2021-11-18T15:30:07+00:00\",\"dateModified\":\"2022-11-04T09:30:56+00:00\",\"description\":\"Fort de notre expertise en architecture param\u00e9trique, nous concevons des structures sportives et de loisirs dot\u00e9es de formes libres et complexes.\",\"breadcrumb\":{\"@id\":\"https:\\\/\\\/www.canada.smc2-construction.us\\\/fr\\\/structures-enveloppes\\\/architecture-parametrique\\\/#breadcrumb\"},\"inLanguage\":\"fr-CA\",\"potentialAction\":[{\"@type\":\"ReadAction\",\"target\":[\"https:\\\/\\\/www.canada.smc2-construction.us\\\/fr\\\/structures-enveloppes\\\/architecture-parametrique\\\/\"]}]},{\"@type\":\"BreadcrumbList\",\"@id\":\"https:\\\/\\\/www.canada.smc2-construction.us\\\/fr\\\/structures-enveloppes\\\/architecture-parametrique\\\/#breadcrumb\",\"itemListElement\":[{\"@type\":\"ListItem\",\"position\":1,\"name\":\"SMC2\",\"item\":\"https:\\\/\\\/www.canada.smc2-construction.us\\\/fr\\\/\"},{\"@type\":\"ListItem\",\"position\":2,\"name\":\"Structures &#038; Enveloppes\",\"item\":\"https:\\\/\\\/www.canada.smc2-construction.us\\\/fr\\\/structures-enveloppes\\\/\"},{\"@type\":\"ListItem\",\"position\":3,\"name\":\"Architecture param\u00e9trique\"}]},{\"@type\":\"WebSite\",\"@id\":\"https:\\\/\\\/www.canada.smc2-construction.us\\\/fr\\\/#website\",\"url\":\"https:\\\/\\\/www.canada.smc2-construction.us\\\/fr\\\/\",\"name\":\"SMC2\",\"description\":\"The space takes shape\",\"publisher\":{\"@id\":\"https:\\\/\\\/www.canada.smc2-construction.us\\\/fr\\\/#organization\"},\"potentialAction\":[{\"@type\":\"SearchAction\",\"target\":{\"@type\":\"EntryPoint\",\"urlTemplate\":\"https:\\\/\\\/www.canada.smc2-construction.us\\\/fr\\\/?s={search_term_string}\"},\"query-input\":{\"@type\":\"PropertyValueSpecification\",\"valueRequired\":true,\"valueName\":\"search_term_string\"}}],\"inLanguage\":\"fr-CA\"},{\"@type\":\"Organization\",\"@id\":\"https:\\\/\\\/www.canada.smc2-construction.us\\\/fr\\\/#organization\",\"name\":\"SMC2\",\"url\":\"https:\\\/\\\/www.canada.smc2-construction.us\\\/fr\\\/\",\"logo\":{\"@type\":\"ImageObject\",\"inLanguage\":\"fr-CA\",\"@id\":\"https:\\\/\\\/www.canada.smc2-construction.us\\\/fr\\\/#\\\/schema\\\/logo\\\/image\\\/\",\"url\":\"https:\\\/\\\/www.canada.smc2-construction.us\\\/wp-content\\\/uploads\\\/2021\\\/09\\\/SMC2-Logo.svg\",\"contentUrl\":\"https:\\\/\\\/www.canada.smc2-construction.us\\\/wp-content\\\/uploads\\\/2021\\\/09\\\/SMC2-Logo.svg\",\"caption\":\"SMC2\"},\"image\":{\"@id\":\"https:\\\/\\\/www.canada.smc2-construction.us\\\/fr\\\/#\\\/schema\\\/logo\\\/image\\\/\"}}]}<\/script>\n<!-- \/ Yoast SEO plugin. -->","yoast_head_json":{"title":"Architecture param\u00e9trique - SMC2","description":"Fort de notre expertise en architecture param\u00e9trique, nous concevons des structures sportives et de loisirs dot\u00e9es de formes libres et complexes.","robots":{"index":"index","follow":"follow","max-snippet":"max-snippet:-1","max-image-preview":"max-image-preview:large","max-video-preview":"max-video-preview:-1"},"canonical":"https:\/\/www.canada.smc2-construction.us\/fr\/structures-enveloppes\/architecture-parametrique\/","og_locale":"fr_CA","og_type":"article","og_title":"Architecture param\u00e9trique - SMC2","og_description":"Fort de notre expertise en architecture param\u00e9trique, nous concevons des structures sportives et de loisirs dot\u00e9es de formes libres et complexes.","og_url":"https:\/\/www.canada.smc2-construction.us\/fr\/structures-enveloppes\/architecture-parametrique\/","og_site_name":"SMC2","article_modified_time":"2022-11-04T09:30:56+00:00","og_image":[{"width":1200,"height":675,"url":"https:\/\/www.canada.smc2-construction.us\/wp-content\/uploads\/2023\/03\/Logo-pour-miniature-site-internet.jpg","type":"image\/jpeg"}],"twitter_card":"summary_large_image","schema":{"@context":"https:\/\/schema.org","@graph":[{"@type":"WebPage","@id":"https:\/\/www.canada.smc2-construction.us\/fr\/structures-enveloppes\/architecture-parametrique\/","url":"https:\/\/www.canada.smc2-construction.us\/fr\/structures-enveloppes\/architecture-parametrique\/","name":"Architecture param\u00e9trique - SMC2","isPartOf":{"@id":"https:\/\/www.canada.smc2-construction.us\/fr\/#website"},"datePublished":"2021-11-18T15:30:07+00:00","dateModified":"2022-11-04T09:30:56+00:00","description":"Fort de notre expertise en architecture param\u00e9trique, nous concevons des structures sportives et de loisirs dot\u00e9es de formes libres et complexes.","breadcrumb":{"@id":"https:\/\/www.canada.smc2-construction.us\/fr\/structures-enveloppes\/architecture-parametrique\/#breadcrumb"},"inLanguage":"fr-CA","potentialAction":[{"@type":"ReadAction","target":["https:\/\/www.canada.smc2-construction.us\/fr\/structures-enveloppes\/architecture-parametrique\/"]}]},{"@type":"BreadcrumbList","@id":"https:\/\/www.canada.smc2-construction.us\/fr\/structures-enveloppes\/architecture-parametrique\/#breadcrumb","itemListElement":[{"@type":"ListItem","position":1,"name":"SMC2","item":"https:\/\/www.canada.smc2-construction.us\/fr\/"},{"@type":"ListItem","position":2,"name":"Structures &#038; Enveloppes","item":"https:\/\/www.canada.smc2-construction.us\/fr\/structures-enveloppes\/"},{"@type":"ListItem","position":3,"name":"Architecture param\u00e9trique"}]},{"@type":"WebSite","@id":"https:\/\/www.canada.smc2-construction.us\/fr\/#website","url":"https:\/\/www.canada.smc2-construction.us\/fr\/","name":"SMC2","description":"The space takes shape","publisher":{"@id":"https:\/\/www.canada.smc2-construction.us\/fr\/#organization"},"potentialAction":[{"@type":"SearchAction","target":{"@type":"EntryPoint","urlTemplate":"https:\/\/www.canada.smc2-construction.us\/fr\/?s={search_term_string}"},"query-input":{"@type":"PropertyValueSpecification","valueRequired":true,"valueName":"search_term_string"}}],"inLanguage":"fr-CA"},{"@type":"Organization","@id":"https:\/\/www.canada.smc2-construction.us\/fr\/#organization","name":"SMC2","url":"https:\/\/www.canada.smc2-construction.us\/fr\/","logo":{"@type":"ImageObject","inLanguage":"fr-CA","@id":"https:\/\/www.canada.smc2-construction.us\/fr\/#\/schema\/logo\/image\/","url":"https:\/\/www.canada.smc2-construction.us\/wp-content\/uploads\/2021\/09\/SMC2-Logo.svg","contentUrl":"https:\/\/www.canada.smc2-construction.us\/wp-content\/uploads\/2021\/09\/SMC2-Logo.svg","caption":"SMC2"},"image":{"@id":"https:\/\/www.canada.smc2-construction.us\/fr\/#\/schema\/logo\/image\/"}}]}},"_links":{"self":[{"href":"https:\/\/www.canada.smc2-construction.us\/fr\/wp-json\/wp\/v2\/pages\/23980","targetHints":{"allow":["GET"]}}],"collection":[{"href":"https:\/\/www.canada.smc2-construction.us\/fr\/wp-json\/wp\/v2\/pages"}],"about":[{"href":"https:\/\/www.canada.smc2-construction.us\/fr\/wp-json\/wp\/v2\/types\/page"}],"author":[{"embeddable":true,"href":"https:\/\/www.canada.smc2-construction.us\/fr\/wp-json\/wp\/v2\/users\/1"}],"replies":[{"embeddable":true,"href":"https:\/\/www.canada.smc2-construction.us\/fr\/wp-json\/wp\/v2\/comments?post=23980"}],"version-history":[{"count":9,"href":"https:\/\/www.canada.smc2-construction.us\/fr\/wp-json\/wp\/v2\/pages\/23980\/revisions"}],"predecessor-version":[{"id":52030,"href":"https:\/\/www.canada.smc2-construction.us\/fr\/wp-json\/wp\/v2\/pages\/23980\/revisions\/52030"}],"up":[{"embeddable":true,"href":"https:\/\/www.canada.smc2-construction.us\/fr\/wp-json\/wp\/v2\/pages\/22095"}],"wp:attachment":[{"href":"https:\/\/www.canada.smc2-construction.us\/fr\/wp-json\/wp\/v2\/media?parent=23980"}],"curies":[{"name":"wp","href":"https:\/\/api.w.org\/{rel}","templated":true}]}}