{"id":33039,"date":"2022-01-12T14:24:18","date_gmt":"2022-01-12T13:24:18","guid":{"rendered":"https:\/\/www.canada.smc2-construction.us\/?page_id=33039"},"modified":"2025-09-25T17:47:46","modified_gmt":"2025-09-25T15:47:46","slug":"patinoires","status":"publish","type":"page","link":"https:\/\/www.canada.smc2-construction.us\/fr\/realisations\/patinoires\/","title":{"rendered":"Patinoires"},"content":{"rendered":"","protected":false},"excerpt":{"rendered":"","protected":false},"author":1,"featured_media":0,"parent":22366,"menu_order":0,"comment_status":"closed","ping_status":"closed","template":"template-parts\/rea-enfant-template.php","meta":{"_acf_changed":false,"footnotes":""},"class_list":["post-33039","page","type-page","status-publish","hentry"],"acf":[],"yoast_head":"<!-- This site is optimized with the Yoast SEO plugin v27.4 - https:\/\/yoast.com\/product\/yoast-seo-wordpress\/ -->\n<title>R\u00e9alisations de couverture de patinoire - Construction de patinoire couverte | SMC2<\/title>\n<meta name=\"description\" content=\"SMC2 r\u00e9alise des patinoires adapt\u00e9es \u00e0 vos besoins : patinoires plein air couvertes ou patinoire indoor temp\u00e9r\u00e9e.\" \/>\n<meta name=\"robots\" content=\"index, follow, max-snippet:-1, max-image-preview:large, max-video-preview:-1\" \/>\n<link rel=\"canonical\" href=\"https:\/\/www.canada.smc2-construction.us\/fr\/realisations\/patinoires\/\" \/>\n<meta property=\"og:locale\" content=\"fr_CA\" \/>\n<meta property=\"og:type\" content=\"article\" \/>\n<meta property=\"og:title\" content=\"R\u00e9alisations de couverture de patinoire - Construction de patinoire couverte | SMC2\" \/>\n<meta property=\"og:description\" content=\"SMC2 r\u00e9alise des patinoires adapt\u00e9es \u00e0 vos besoins : patinoires plein air couvertes ou patinoire indoor temp\u00e9r\u00e9e.\" \/>\n<meta property=\"og:url\" content=\"https:\/\/www.canada.smc2-construction.us\/fr\/realisations\/patinoires\/\" \/>\n<meta property=\"og:site_name\" content=\"SMC2\" \/>\n<meta property=\"article:modified_time\" content=\"2025-09-25T15:47:46+00:00\" \/>\n<meta property=\"og:image\" content=\"https:\/\/www.canada.smc2-construction.us\/wp-content\/uploads\/2023\/03\/Logo-pour-miniature-site-internet.jpg\" \/>\n\t<meta property=\"og:image:width\" content=\"1200\" \/>\n\t<meta property=\"og:image:height\" content=\"675\" \/>\n\t<meta property=\"og:image:type\" content=\"image\/jpeg\" \/>\n<meta name=\"twitter:card\" content=\"summary_large_image\" \/>\n<script type=\"application\/ld+json\" class=\"yoast-schema-graph\">{\"@context\":\"https:\\\/\\\/schema.org\",\"@graph\":[{\"@type\":\"WebPage\",\"@id\":\"https:\\\/\\\/www.canada.smc2-construction.us\\\/fr\\\/realisations\\\/patinoires\\\/\",\"url\":\"https:\\\/\\\/www.canada.smc2-construction.us\\\/fr\\\/realisations\\\/patinoires\\\/\",\"name\":\"R\u00e9alisations de couverture de patinoire - Construction de patinoire couverte | SMC2\",\"isPartOf\":{\"@id\":\"https:\\\/\\\/www.canada.smc2-construction.us\\\/fr\\\/#website\"},\"datePublished\":\"2022-01-12T13:24:18+00:00\",\"dateModified\":\"2025-09-25T15:47:46+00:00\",\"description\":\"SMC2 r\u00e9alise des patinoires adapt\u00e9es \u00e0 vos besoins : patinoires plein air couvertes ou patinoire indoor temp\u00e9r\u00e9e.\",\"breadcrumb\":{\"@id\":\"https:\\\/\\\/www.canada.smc2-construction.us\\\/fr\\\/realisations\\\/patinoires\\\/#breadcrumb\"},\"inLanguage\":\"fr-CA\",\"potentialAction\":[{\"@type\":\"ReadAction\",\"target\":[\"https:\\\/\\\/www.canada.smc2-construction.us\\\/fr\\\/realisations\\\/patinoires\\\/\"]}]},{\"@type\":\"BreadcrumbList\",\"@id\":\"https:\\\/\\\/www.canada.smc2-construction.us\\\/fr\\\/realisations\\\/patinoires\\\/#breadcrumb\",\"itemListElement\":[{\"@type\":\"ListItem\",\"position\":1,\"name\":\"SMC2\",\"item\":\"https:\\\/\\\/www.canada.smc2-construction.us\\\/fr\\\/\"},{\"@type\":\"ListItem\",\"position\":2,\"name\":\"R\u00e9alisations\",\"item\":\"https:\\\/\\\/www.canada.smc2-construction.us\\\/fr\\\/realisations\\\/\"},{\"@type\":\"ListItem\",\"position\":3,\"name\":\"Patinoires\"}]},{\"@type\":\"WebSite\",\"@id\":\"https:\\\/\\\/www.canada.smc2-construction.us\\\/fr\\\/#website\",\"url\":\"https:\\\/\\\/www.canada.smc2-construction.us\\\/fr\\\/\",\"name\":\"SMC2\",\"description\":\"The space takes shape\",\"publisher\":{\"@id\":\"https:\\\/\\\/www.canada.smc2-construction.us\\\/fr\\\/#organization\"},\"potentialAction\":[{\"@type\":\"SearchAction\",\"target\":{\"@type\":\"EntryPoint\",\"urlTemplate\":\"https:\\\/\\\/www.canada.smc2-construction.us\\\/fr\\\/?s={search_term_string}\"},\"query-input\":{\"@type\":\"PropertyValueSpecification\",\"valueRequired\":true,\"valueName\":\"search_term_string\"}}],\"inLanguage\":\"fr-CA\"},{\"@type\":\"Organization\",\"@id\":\"https:\\\/\\\/www.canada.smc2-construction.us\\\/fr\\\/#organization\",\"name\":\"SMC2\",\"url\":\"https:\\\/\\\/www.canada.smc2-construction.us\\\/fr\\\/\",\"logo\":{\"@type\":\"ImageObject\",\"inLanguage\":\"fr-CA\",\"@id\":\"https:\\\/\\\/www.canada.smc2-construction.us\\\/fr\\\/#\\\/schema\\\/logo\\\/image\\\/\",\"url\":\"https:\\\/\\\/www.canada.smc2-construction.us\\\/wp-content\\\/uploads\\\/2021\\\/09\\\/SMC2-Logo.svg\",\"contentUrl\":\"https:\\\/\\\/www.canada.smc2-construction.us\\\/wp-content\\\/uploads\\\/2021\\\/09\\\/SMC2-Logo.svg\",\"caption\":\"SMC2\"},\"image\":{\"@id\":\"https:\\\/\\\/www.canada.smc2-construction.us\\\/fr\\\/#\\\/schema\\\/logo\\\/image\\\/\"}}]}<\/script>\n<!-- \/ Yoast SEO plugin. -->","yoast_head_json":{"title":"R\u00e9alisations de couverture de patinoire - Construction de patinoire couverte | SMC2","description":"SMC2 r\u00e9alise des patinoires adapt\u00e9es \u00e0 vos besoins : patinoires plein air couvertes ou patinoire indoor temp\u00e9r\u00e9e.","robots":{"index":"index","follow":"follow","max-snippet":"max-snippet:-1","max-image-preview":"max-image-preview:large","max-video-preview":"max-video-preview:-1"},"canonical":"https:\/\/www.canada.smc2-construction.us\/fr\/realisations\/patinoires\/","og_locale":"fr_CA","og_type":"article","og_title":"R\u00e9alisations de couverture de patinoire - Construction de patinoire couverte | SMC2","og_description":"SMC2 r\u00e9alise des patinoires adapt\u00e9es \u00e0 vos besoins : patinoires plein air couvertes ou patinoire indoor temp\u00e9r\u00e9e.","og_url":"https:\/\/www.canada.smc2-construction.us\/fr\/realisations\/patinoires\/","og_site_name":"SMC2","article_modified_time":"2025-09-25T15:47:46+00:00","og_image":[{"width":1200,"height":675,"url":"https:\/\/www.canada.smc2-construction.us\/wp-content\/uploads\/2023\/03\/Logo-pour-miniature-site-internet.jpg","type":"image\/jpeg"}],"twitter_card":"summary_large_image","schema":{"@context":"https:\/\/schema.org","@graph":[{"@type":"WebPage","@id":"https:\/\/www.canada.smc2-construction.us\/fr\/realisations\/patinoires\/","url":"https:\/\/www.canada.smc2-construction.us\/fr\/realisations\/patinoires\/","name":"R\u00e9alisations de couverture de patinoire - Construction de patinoire couverte | SMC2","isPartOf":{"@id":"https:\/\/www.canada.smc2-construction.us\/fr\/#website"},"datePublished":"2022-01-12T13:24:18+00:00","dateModified":"2025-09-25T15:47:46+00:00","description":"SMC2 r\u00e9alise des patinoires adapt\u00e9es \u00e0 vos besoins : patinoires plein air couvertes ou patinoire indoor temp\u00e9r\u00e9e.","breadcrumb":{"@id":"https:\/\/www.canada.smc2-construction.us\/fr\/realisations\/patinoires\/#breadcrumb"},"inLanguage":"fr-CA","potentialAction":[{"@type":"ReadAction","target":["https:\/\/www.canada.smc2-construction.us\/fr\/realisations\/patinoires\/"]}]},{"@type":"BreadcrumbList","@id":"https:\/\/www.canada.smc2-construction.us\/fr\/realisations\/patinoires\/#breadcrumb","itemListElement":[{"@type":"ListItem","position":1,"name":"SMC2","item":"https:\/\/www.canada.smc2-construction.us\/fr\/"},{"@type":"ListItem","position":2,"name":"R\u00e9alisations","item":"https:\/\/www.canada.smc2-construction.us\/fr\/realisations\/"},{"@type":"ListItem","position":3,"name":"Patinoires"}]},{"@type":"WebSite","@id":"https:\/\/www.canada.smc2-construction.us\/fr\/#website","url":"https:\/\/www.canada.smc2-construction.us\/fr\/","name":"SMC2","description":"The space takes shape","publisher":{"@id":"https:\/\/www.canada.smc2-construction.us\/fr\/#organization"},"potentialAction":[{"@type":"SearchAction","target":{"@type":"EntryPoint","urlTemplate":"https:\/\/www.canada.smc2-construction.us\/fr\/?s={search_term_string}"},"query-input":{"@type":"PropertyValueSpecification","valueRequired":true,"valueName":"search_term_string"}}],"inLanguage":"fr-CA"},{"@type":"Organization","@id":"https:\/\/www.canada.smc2-construction.us\/fr\/#organization","name":"SMC2","url":"https:\/\/www.canada.smc2-construction.us\/fr\/","logo":{"@type":"ImageObject","inLanguage":"fr-CA","@id":"https:\/\/www.canada.smc2-construction.us\/fr\/#\/schema\/logo\/image\/","url":"https:\/\/www.canada.smc2-construction.us\/wp-content\/uploads\/2021\/09\/SMC2-Logo.svg","contentUrl":"https:\/\/www.canada.smc2-construction.us\/wp-content\/uploads\/2021\/09\/SMC2-Logo.svg","caption":"SMC2"},"image":{"@id":"https:\/\/www.canada.smc2-construction.us\/fr\/#\/schema\/logo\/image\/"}}]}},"_links":{"self":[{"href":"https:\/\/www.canada.smc2-construction.us\/fr\/wp-json\/wp\/v2\/pages\/33039","targetHints":{"allow":["GET"]}}],"collection":[{"href":"https:\/\/www.canada.smc2-construction.us\/fr\/wp-json\/wp\/v2\/pages"}],"about":[{"href":"https:\/\/www.canada.smc2-construction.us\/fr\/wp-json\/wp\/v2\/types\/page"}],"author":[{"embeddable":true,"href":"https:\/\/www.canada.smc2-construction.us\/fr\/wp-json\/wp\/v2\/users\/1"}],"replies":[{"embeddable":true,"href":"https:\/\/www.canada.smc2-construction.us\/fr\/wp-json\/wp\/v2\/comments?post=33039"}],"version-history":[{"count":7,"href":"https:\/\/www.canada.smc2-construction.us\/fr\/wp-json\/wp\/v2\/pages\/33039\/revisions"}],"predecessor-version":[{"id":45821,"href":"https:\/\/www.canada.smc2-construction.us\/fr\/wp-json\/wp\/v2\/pages\/33039\/revisions\/45821"}],"up":[{"embeddable":true,"href":"https:\/\/www.canada.smc2-construction.us\/fr\/wp-json\/wp\/v2\/pages\/22366"}],"wp:attachment":[{"href":"https:\/\/www.canada.smc2-construction.us\/fr\/wp-json\/wp\/v2\/media?parent=33039"}],"curies":[{"name":"wp","href":"https:\/\/api.w.org\/{rel}","templated":true}]}}